{"id":7202,"date":"2019-11-26T13:31:41","date_gmt":"2019-11-26T13:31:41","guid":{"rendered":"https:\/\/atacamagrapes.cl\/?page_id=7202"},"modified":"2022-12-19T17:24:43","modified_gmt":"2022-12-19T17:24:43","slug":"certificaciones","status":"publish","type":"page","link":"https:\/\/atacamagrapes.cl\/es\/certificaciones\/","title":{"rendered":"Certificaciones"},"content":{"rendered":"<section class=\"l-section wpb_row us_custom_2b7f34f2 hero-row has_text_color height_auto width_full with_img parallax_ver\"><div class=\"l-section-img\" data-img-width=\"1600\" data-img-height=\"700\" style=\"background-image: url(https:\/\/atacamagrapes.cl\/wp-content\/uploads\/2019\/12\/background-header-certificaciones-2.jpg);background-position: top center;background-repeat: no-repeat;\"><\/div><div class=\"l-section-h i-cf\"><div class=\"g-cols vc_row via_flex valign_bottom type_default stacking_default\"><div class=\"vc_col-sm-12 wpb_column vc_column_container\"><div class=\"vc_column-inner us_custom_d01541a0\"><div class=\"wpb_wrapper\"><div class=\"g-cols wpb_row us_custom_d01541a0 via_flex valign_top type_boxes stacking_default\"><div class=\"vc_col-sm-12 wpb_column vc_column_container\"><div class=\"vc_column-inner\"><div class=\"wpb_wrapper\"><div class=\"w-separator size_small\"><\/div><div class=\"wpb_text_column\"><div class=\"wpb_wrapper\"><h3 class=\"mas-grande\" style=\"text-align: left; font-weight: 400;\">Certificaciones<\/h3>\n<\/div><\/div><\/div><\/div><\/div><\/div><div class=\"w-image us_custom_4c8105fc align_center\"><div class=\"w-image-h\"><img loading=\"lazy\" decoding=\"async\" width=\"2500\" height=\"385\" src=\"https:\/\/atacamagrapes.cl\/wp-content\/uploads\/2019\/12\/curva-simple.png\" class=\"attachment-full size-full\" alt=\"\" srcset=\"https:\/\/atacamagrapes.cl\/wp-content\/uploads\/2019\/12\/curva-simple.png 2500w, https:\/\/atacamagrapes.cl\/wp-content\/uploads\/2019\/12\/curva-simple-300x46.png 300w, https:\/\/atacamagrapes.cl\/wp-content\/uploads\/2019\/12\/curva-simple-1024x158.png 1024w, https:\/\/atacamagrapes.cl\/wp-content\/uploads\/2019\/12\/curva-simple-1536x237.png 1536w, https:\/\/atacamagrapes.cl\/wp-content\/uploads\/2019\/12\/curva-simple-2048x315.png 2048w\" sizes=\"auto, (max-width: 2500px) 100vw, 2500px\" \/><\/div><\/div><\/div><\/div><\/div><\/div><\/div><\/section><section class=\"l-section wpb_row us_custom_04e7aa0a hero-row remove_bg_xs height_auto width_full with_img\"><div class=\"l-section-img\" data-img-width=\"345\" data-img-height=\"334\" style=\"background-image: url(https:\/\/atacamagrapes.cl\/wp-content\/uploads\/2019\/11\/img-background-certificaciones-nuestra-cert.jpg);background-position: center right;background-repeat: no-repeat;background-size: auto;\"><\/div><div class=\"l-section-h i-cf\"><div class=\"g-cols vc_row via_flex valign_top type_default stacking_default\"><div class=\"vc_col-sm-12 wpb_column vc_column_container\"><div class=\"vc_column-inner\"><div class=\"wpb_wrapper\"><div class=\"g-cols wpb_row via_flex valign_top type_boxes stacking_default\"><div class=\"vc_col-sm-6 wpb_column vc_column_container\"><div class=\"vc_column-inner\"><div class=\"wpb_wrapper\"><div class=\"wpb_text_column\"><div class=\"wpb_wrapper\"><h5 style=\"font-weight: 400;\">Nuestra compa\u00f1\u00eda se preocupa de trabajar con los mejores est\u00e1ndares de la industria, es por eso que contamos con las m\u00e1s importantes certificaciones del mercado frut\u00edcola.<\/h5>\n<p class=\"p1\">Todos los componentes de nuestro programa <em>\u201cFood Safety\u201d<\/em> est\u00e1n en conformidad a los est\u00e1ndares internacionales de auditoria tales como: <em>Hazard Analysis and Critical Control Point <\/em>(HACCP), <em>Good Manufacturing Practice <\/em>(GMP),<em> Good Agricultural Practices <\/em>(GLOBALGAP),<em> Rainforest Alliance, Tesco Nature&#8217;s Choice <\/em>(TNC) y <em>British Retail Consortium <\/em>(BRC).<\/p>\n<p class=\"p1\">Las Instituciones a cargo de auditar estos est\u00e1ndares de calidad son Organismos Auditores especializados en gesti\u00f3n de calidad y est\u00e1ndares <em>\u201cIndependent Third Party Auditors\u201d<\/em> (ITPA), que han sido acreditados por las cadenas de Supermercados que trabajen con nuestra fruta.<\/p>\n<\/div><\/div><\/div><\/div><\/div><div class=\"vc_col-sm-6 wpb_column vc_column_container\"><div class=\"vc_column-inner\"><div class=\"wpb_wrapper\"><div class=\"w-slider style_none fit_scaledown\"><div class=\"w-slider-h\"><div class=\"royalSlider\"><div class=\"rsContent\"><a class=\"rsImg\" data-rsw=\"800\" data-rsh=\"540\" href=\"https:\/\/atacamagrapes.cl\/wp-content\/uploads\/2019\/11\/img-certificaciones-nestra-cert.jpg\"><span data-alt=\"\"><\/span><\/a><\/div><\/div><img decoding=\"async\" src=\"https:\/\/atacamagrapes.cl\/wp-content\/uploads\/2019\/11\/img-certificaciones-nestra-cert.jpg\" width=\"800\" height=\"540\" alt loading=\"lazy\"><\/div><div class=\"w-slider-json\" onclick='return {&quot;autoScaleSlider&quot;:true,&quot;loop&quot;:true,&quot;fadeInLoadedSlide&quot;:false,&quot;slidesSpacing&quot;:0,&quot;imageScalePadding&quot;:0,&quot;numImagesToPreload&quot;:2,&quot;arrowsNav&quot;:false,&quot;arrowsNavAutoHide&quot;:false,&quot;transitionType&quot;:&quot;move&quot;,&quot;transitionSpeed&quot;:250,&quot;block&quot;:{&quot;moveEffect&quot;:&quot;none&quot;,&quot;speed&quot;:300},&quot;thumbs&quot;:{&quot;fitInViewport&quot;:false},&quot;controlNavigation&quot;:&quot;bullets&quot;,&quot;autoplay&quot;:{&quot;enabled&quot;:true,&quot;pauseOnHover&quot;:true,&quot;delay&quot;:3000},&quot;imageScaleMode&quot;:&quot;fit-if-smaller&quot;,&quot;autoScaleSliderWidth&quot;:800,&quot;autoScaleSliderHeight&quot;:540}'><\/div><\/div><\/div><\/div><\/div><\/div><\/div><\/div><\/div><\/div><\/div><\/section><section class=\"l-section wpb_row height_small\"><div class=\"l-section-h i-cf\"><div class=\"g-cols vc_row via_flex valign_top type_default stacking_default\"><div class=\"vc_col-sm-12 wpb_column vc_column_container\"><div class=\"vc_column-inner\"><div class=\"wpb_wrapper\"><div class=\"wpb_text_column\"><div class=\"wpb_wrapper\"><h3>Nuestras certificaciones<\/h3>\n<p>Para descargar haz click en el \u00edcono:<\/p>\n<\/div><\/div><div class=\"g-cols wpb_row via_flex valign_top type_boxes stacking_default\"><div class=\"vc_col-sm-4 wpb_column vc_column_container\"><div class=\"vc_column-inner\"><div class=\"wpb_wrapper\"><div class=\"w-image align_center\"><a target=\"_blank\" href=\"https:\/\/atacamagrapes.cl\/wp-content\/uploads\/2019\/12\/Cert_GLOBALGAP_Atacama.pdf\" rel=\"noopener\" aria-label=\"Enlace\" class=\"w-image-h\"><img loading=\"lazy\" decoding=\"async\" width=\"400\" height=\"400\" src=\"https:\/\/atacamagrapes.cl\/wp-content\/uploads\/2019\/12\/GlobalGap-logo.jpg\" class=\"attachment-full size-full\" alt=\"\" srcset=\"https:\/\/atacamagrapes.cl\/wp-content\/uploads\/2019\/12\/GlobalGap-logo.jpg 400w, https:\/\/atacamagrapes.cl\/wp-content\/uploads\/2019\/12\/GlobalGap-logo-300x300.jpg 300w, https:\/\/atacamagrapes.cl\/wp-content\/uploads\/2019\/12\/GlobalGap-logo-150x150.jpg 150w\" sizes=\"auto, (max-width: 400px) 100vw, 400px\" \/><\/a><\/div><\/div><\/div><\/div><div class=\"vc_col-sm-4 wpb_column vc_column_container\"><div class=\"vc_column-inner\"><div class=\"wpb_wrapper\"><div class=\"w-image align_center\"><a target=\"_blank\" href=\"https:\/\/atacamagrapes.cl\/wp-content\/uploads\/2019\/12\/Cert_HACCP_Atacama.pdf\" rel=\"noopener\" aria-label=\"Enlace\" class=\"w-image-h\"><img loading=\"lazy\" decoding=\"async\" width=\"400\" height=\"400\" src=\"https:\/\/atacamagrapes.cl\/wp-content\/uploads\/2019\/12\/HACCP-logo.jpg\" class=\"attachment-full size-full\" alt=\"\" srcset=\"https:\/\/atacamagrapes.cl\/wp-content\/uploads\/2019\/12\/HACCP-logo.jpg 400w, https:\/\/atacamagrapes.cl\/wp-content\/uploads\/2019\/12\/HACCP-logo-300x300.jpg 300w, https:\/\/atacamagrapes.cl\/wp-content\/uploads\/2019\/12\/HACCP-logo-150x150.jpg 150w\" sizes=\"auto, (max-width: 400px) 100vw, 400px\" \/><\/a><\/div><\/div><\/div><\/div><div class=\"vc_col-sm-4 wpb_column vc_column_container\"><div class=\"vc_column-inner\"><div class=\"wpb_wrapper\"><div class=\"w-image align_center\"><a target=\"_blank\" href=\"https:\/\/atacamagrapes.cl\/wp-content\/uploads\/2022\/12\/Cert_BRC_Atacama.pdf\" rel=\"noopener\" aria-label=\"Enlace\" class=\"w-image-h\"><img loading=\"lazy\" decoding=\"async\" width=\"478\" height=\"400\" src=\"https:\/\/atacamagrapes.cl\/wp-content\/uploads\/2022\/12\/BRC_Cert.jpg\" class=\"attachment-full size-full\" alt=\"\" srcset=\"https:\/\/atacamagrapes.cl\/wp-content\/uploads\/2022\/12\/BRC_Cert.jpg 478w, https:\/\/atacamagrapes.cl\/wp-content\/uploads\/2022\/12\/BRC_Cert-300x251.jpg 300w\" sizes=\"auto, (max-width: 478px) 100vw, 478px\" \/><\/a><\/div><\/div><\/div><\/div><\/div><div class=\"g-cols wpb_row via_flex valign_top type_default stacking_default\"><div class=\"vc_col-sm-6 wpb_column vc_column_container\"><div class=\"vc_column-inner\"><div class=\"wpb_wrapper\"><div class=\"wpb_text_column\"><div class=\"wpb_wrapper\"><p style=\"font-weight: 400;\">En el a\u00f1o 2018, nuestras instalaciones fueron auditadas e inspeccionadas directamente por\u00a0\u00a0U.S.\u00a0<strong>Food and Drug Administration (FDA),<\/strong>\u00a0cumpliendo con los requisitos y procedimientos solicitados en terreno por los Inspectores.<\/p>\n<\/div><\/div><\/div><\/div><\/div><div class=\"vc_col-sm-6 wpb_column vc_column_container\"><div class=\"vc_column-inner\"><div class=\"wpb_wrapper\"><div class=\"wpb_text_column\"><div class=\"wpb_wrapper\"><p style=\"font-weight: 400;\">Nuestra empresa ha trabajado fuertemente en la implementaci\u00f3n de la Ley de Modernizaci\u00f3n de inocuidad Alimentaria <strong>FSMA<\/strong>\u00a0cumpliendo a cabalidad con la normativa de consumo de alimentos para el mercado de Estados Unidos.<\/p>\n<\/div><\/div><\/div><\/div><\/div><\/div><\/div><\/div><\/div><\/div><\/div><\/section><section class=\"l-section wpb_row us_custom_9537e173 height_medium width_full with_img\"><div class=\"l-section-img\" data-img-width=\"1600\" data-img-height=\"403\" style=\"background-image: url(https:\/\/atacamagrapes.cl\/wp-content\/uploads\/2019\/11\/background-zonas-produccion-bajo.jpg);background-position: top center;background-repeat: no-repeat;\"><\/div><div class=\"l-section-h i-cf\"><div class=\"g-cols vc_row via_flex valign_bottom type_default stacking_default\"><div class=\"vc_col-sm-12 wpb_column vc_column_container\"><div class=\"vc_column-inner us_custom_502c55d2\"><div class=\"wpb_wrapper\"><div class=\"w-separator size_custom\" style=\"height:230px\"><\/div><\/div><\/div><\/div><\/div><\/div><\/section>\n","protected":false},"excerpt":{"rendered":"Certificaciones Nuestra compa\u00f1\u00eda se preocupa de trabajar con los mejores est\u00e1ndares de la industria, es por eso que contamos con las m\u00e1s importantes certificaciones del mercado frut\u00edcola. Todos los componentes de nuestro programa \u201cFood Safety\u201d est\u00e1n en conformidad a los est\u00e1ndares internacionales de auditoria tales como: Hazard Analysis and Critical Control Point (HACCP), Good Manufacturing...","protected":false},"author":7,"featured_media":0,"parent":0,"menu_order":0,"comment_status":"closed","ping_status":"closed","template":"","meta":{"_acf_changed":false,"footnotes":""},"class_list":["post-7202","page","type-page","status-publish","hentry"],"acf":[],"yoast_head":"<!-- This site is optimized with the Yoast SEO plugin v25.6 - https:\/\/yoast.com\/wordpress\/plugins\/seo\/ -->\n<title>Certificaciones - Atacama<\/title>\n<meta name=\"robots\" content=\"index, follow, max-snippet:-1, max-image-preview:large, max-video-preview:-1\" \/>\n<link rel=\"canonical\" href=\"https:\/\/atacamagrapes.cl\/es\/certificaciones\/\" \/>\n<meta property=\"og:locale\" content=\"es_ES\" \/>\n<meta property=\"og:type\" content=\"article\" \/>\n<meta property=\"og:title\" content=\"Certificaciones - Atacama\" \/>\n<meta property=\"og:url\" content=\"https:\/\/atacamagrapes.cl\/es\/certificaciones\/\" \/>\n<meta property=\"og:site_name\" content=\"Atacama\" \/>\n<meta property=\"article:modified_time\" content=\"2022-12-19T17:24:43+00:00\" \/>\n<meta name=\"twitter:card\" content=\"summary_large_image\" \/>\n<meta name=\"twitter:label1\" content=\"Tiempo de lectura\" \/>\n\t<meta name=\"twitter:data1\" content=\"2 minutos\" \/>\n<script type=\"application\/ld+json\" class=\"yoast-schema-graph\">{\"@context\":\"https:\/\/schema.org\",\"@graph\":[{\"@type\":\"WebPage\",\"@id\":\"https:\/\/atacamagrapes.cl\/es\/certificaciones\/\",\"url\":\"https:\/\/atacamagrapes.cl\/es\/certificaciones\/\",\"name\":\"Certificaciones - Atacama\",\"isPartOf\":{\"@id\":\"https:\/\/atacamagrapes.cl\/es\/#website\"},\"datePublished\":\"2019-11-26T13:31:41+00:00\",\"dateModified\":\"2022-12-19T17:24:43+00:00\",\"breadcrumb\":{\"@id\":\"https:\/\/atacamagrapes.cl\/es\/certificaciones\/#breadcrumb\"},\"inLanguage\":\"es\",\"potentialAction\":[{\"@type\":\"ReadAction\",\"target\":[\"https:\/\/atacamagrapes.cl\/es\/certificaciones\/\"]}]},{\"@type\":\"BreadcrumbList\",\"@id\":\"https:\/\/atacamagrapes.cl\/es\/certificaciones\/#breadcrumb\",\"itemListElement\":[{\"@type\":\"ListItem\",\"position\":1,\"name\":\"Home\",\"item\":\"https:\/\/atacamagrapes.cl\/es\/\"},{\"@type\":\"ListItem\",\"position\":2,\"name\":\"Certificaciones\"}]},{\"@type\":\"WebSite\",\"@id\":\"https:\/\/atacamagrapes.cl\/es\/#website\",\"url\":\"https:\/\/atacamagrapes.cl\/es\/\",\"name\":\"Atacama\",\"description\":\"Atacama\",\"publisher\":{\"@id\":\"https:\/\/atacamagrapes.cl\/es\/#organization\"},\"potentialAction\":[{\"@type\":\"SearchAction\",\"target\":{\"@type\":\"EntryPoint\",\"urlTemplate\":\"https:\/\/atacamagrapes.cl\/es\/?s={search_term_string}\"},\"query-input\":{\"@type\":\"PropertyValueSpecification\",\"valueRequired\":true,\"valueName\":\"search_term_string\"}}],\"inLanguage\":\"es\"},{\"@type\":\"Organization\",\"@id\":\"https:\/\/atacamagrapes.cl\/es\/#organization\",\"name\":\"Atacama Grapes\",\"url\":\"https:\/\/atacamagrapes.cl\/es\/\",\"logo\":{\"@type\":\"ImageObject\",\"inLanguage\":\"es\",\"@id\":\"https:\/\/atacamagrapes.cl\/es\/#\/schema\/logo\/image\/\",\"url\":\"https:\/\/atacamagrapes.cl\/wp-content\/uploads\/2019\/12\/logo-atacama-grapes-header.png\",\"contentUrl\":\"https:\/\/atacamagrapes.cl\/wp-content\/uploads\/2019\/12\/logo-atacama-grapes-header.png\",\"width\":283,\"height\":104,\"caption\":\"Atacama Grapes\"},\"image\":{\"@id\":\"https:\/\/atacamagrapes.cl\/es\/#\/schema\/logo\/image\/\"}}]}<\/script>\n<!-- \/ Yoast SEO plugin. -->","yoast_head_json":{"title":"Certificaciones - Atacama","robots":{"index":"index","follow":"follow","max-snippet":"max-snippet:-1","max-image-preview":"max-image-preview:large","max-video-preview":"max-video-preview:-1"},"canonical":"https:\/\/atacamagrapes.cl\/es\/certificaciones\/","og_locale":"es_ES","og_type":"article","og_title":"Certificaciones - Atacama","og_url":"https:\/\/atacamagrapes.cl\/es\/certificaciones\/","og_site_name":"Atacama","article_modified_time":"2022-12-19T17:24:43+00:00","twitter_card":"summary_large_image","twitter_misc":{"Tiempo de lectura":"2 minutos"},"schema":{"@context":"https:\/\/schema.org","@graph":[{"@type":"WebPage","@id":"https:\/\/atacamagrapes.cl\/es\/certificaciones\/","url":"https:\/\/atacamagrapes.cl\/es\/certificaciones\/","name":"Certificaciones - Atacama","isPartOf":{"@id":"https:\/\/atacamagrapes.cl\/es\/#website"},"datePublished":"2019-11-26T13:31:41+00:00","dateModified":"2022-12-19T17:24:43+00:00","breadcrumb":{"@id":"https:\/\/atacamagrapes.cl\/es\/certificaciones\/#breadcrumb"},"inLanguage":"es","potentialAction":[{"@type":"ReadAction","target":["https:\/\/atacamagrapes.cl\/es\/certificaciones\/"]}]},{"@type":"BreadcrumbList","@id":"https:\/\/atacamagrapes.cl\/es\/certificaciones\/#breadcrumb","itemListElement":[{"@type":"ListItem","position":1,"name":"Home","item":"https:\/\/atacamagrapes.cl\/es\/"},{"@type":"ListItem","position":2,"name":"Certificaciones"}]},{"@type":"WebSite","@id":"https:\/\/atacamagrapes.cl\/es\/#website","url":"https:\/\/atacamagrapes.cl\/es\/","name":"Atacama","description":"Atacama","publisher":{"@id":"https:\/\/atacamagrapes.cl\/es\/#organization"},"potentialAction":[{"@type":"SearchAction","target":{"@type":"EntryPoint","urlTemplate":"https:\/\/atacamagrapes.cl\/es\/?s={search_term_string}"},"query-input":{"@type":"PropertyValueSpecification","valueRequired":true,"valueName":"search_term_string"}}],"inLanguage":"es"},{"@type":"Organization","@id":"https:\/\/atacamagrapes.cl\/es\/#organization","name":"Atacama Grapes","url":"https:\/\/atacamagrapes.cl\/es\/","logo":{"@type":"ImageObject","inLanguage":"es","@id":"https:\/\/atacamagrapes.cl\/es\/#\/schema\/logo\/image\/","url":"https:\/\/atacamagrapes.cl\/wp-content\/uploads\/2019\/12\/logo-atacama-grapes-header.png","contentUrl":"https:\/\/atacamagrapes.cl\/wp-content\/uploads\/2019\/12\/logo-atacama-grapes-header.png","width":283,"height":104,"caption":"Atacama Grapes"},"image":{"@id":"https:\/\/atacamagrapes.cl\/es\/#\/schema\/logo\/image\/"}}]}},"_links":{"self":[{"href":"https:\/\/atacamagrapes.cl\/es\/wp-json\/wp\/v2\/pages\/7202","targetHints":{"allow":["GET"]}}],"collection":[{"href":"https:\/\/atacamagrapes.cl\/es\/wp-json\/wp\/v2\/pages"}],"about":[{"href":"https:\/\/atacamagrapes.cl\/es\/wp-json\/wp\/v2\/types\/page"}],"author":[{"embeddable":true,"href":"https:\/\/atacamagrapes.cl\/es\/wp-json\/wp\/v2\/users\/7"}],"replies":[{"embeddable":true,"href":"https:\/\/atacamagrapes.cl\/es\/wp-json\/wp\/v2\/comments?post=7202"}],"version-history":[{"count":92,"href":"https:\/\/atacamagrapes.cl\/es\/wp-json\/wp\/v2\/pages\/7202\/revisions"}],"predecessor-version":[{"id":8464,"href":"https:\/\/atacamagrapes.cl\/es\/wp-json\/wp\/v2\/pages\/7202\/revisions\/8464"}],"wp:attachment":[{"href":"https:\/\/atacamagrapes.cl\/es\/wp-json\/wp\/v2\/media?parent=7202"}],"curies":[{"name":"wp","href":"https:\/\/api.w.org\/{rel}","templated":true}]}}