{"id":6635,"date":"2019-05-10T14:40:15","date_gmt":"2019-05-10T14:40:15","guid":{"rendered":"http:\/\/impreza.us-themes.com\/?page_id=6635"},"modified":"2020-01-10T17:27:59","modified_gmt":"2020-01-10T17:27:59","slug":"home","status":"publish","type":"page","link":"https:\/\/atacamagrapes.cl\/es\/","title":{"rendered":"Inicio"},"content":{"rendered":"<section class=\"l-section wpb_row us_custom_9537e173 height_small width_full color_primary with_img parallax_ver\"><div class=\"l-section-img\" data-img-width=\"1600\" data-img-height=\"700\" style=\"background-image: url(https:\/\/atacamagrapes.cl\/wp-content\/uploads\/2019\/11\/home-paisaje3.jpg);background-repeat: no-repeat;\"><\/div><div class=\"l-section-h i-cf\"><div class=\"g-cols vc_row via_flex valign_middle type_default stacking_default\"><div class=\"vc_col-sm-12 wpb_column vc_column_container\"><div class=\"vc_column-inner us_custom_502c55d2\"><div class=\"wpb_wrapper\"><div class=\"w-separator size_huge\"><\/div><div class=\"w-separator size_huge\"><\/div><div class=\"g-cols wpb_row us_custom_502c55d2 via_flex valign_middle type_default stacking_default\"><div class=\"vc_col-sm-12 wpb_column vc_column_container\"><div class=\"vc_column-inner\"><div class=\"wpb_wrapper\"><div class=\"wpb_text_column us_custom_b91424ac\"><div class=\"wpb_wrapper\"><h3 style=\"text-align: center; font-weight: 400;\">Fruta fresca de excelencia, desde Atacama<\/h3>\n<\/div><\/div><\/div><\/div><\/div><\/div><div class=\"wpb_text_column us_custom_4edece6e\"><div class=\"wpb_wrapper\"><h2 style=\"text-align: center; font-weight: 400;\">al resto del mundo<\/h2>\n<\/div><\/div><div class=\"w-image us_custom_502c55d2 align_center\"><div class=\"w-image-h\"><img loading=\"lazy\" decoding=\"async\" width=\"2500\" height=\"468\" src=\"https:\/\/atacamagrapes.cl\/wp-content\/uploads\/2019\/12\/curvas-l.png\" class=\"attachment-full size-full\" alt=\"\" srcset=\"https:\/\/atacamagrapes.cl\/wp-content\/uploads\/2019\/12\/curvas-l.png 2500w, https:\/\/atacamagrapes.cl\/wp-content\/uploads\/2019\/12\/curvas-l-300x56.png 300w, https:\/\/atacamagrapes.cl\/wp-content\/uploads\/2019\/12\/curvas-l-1024x192.png 1024w, https:\/\/atacamagrapes.cl\/wp-content\/uploads\/2019\/12\/curvas-l-1536x288.png 1536w, https:\/\/atacamagrapes.cl\/wp-content\/uploads\/2019\/12\/curvas-l-2048x383.png 2048w\" sizes=\"auto, (max-width: 2500px) 100vw, 2500px\" \/><\/div><\/div><\/div><\/div><\/div><\/div><\/div><\/section><section class=\"l-section wpb_row height_small\" id=\"laempresa\"><div class=\"l-section-h i-cf\"><div class=\"g-cols vc_row via_flex valign_top type_default stacking_default\"><div class=\"vc_col-sm-12 wpb_column vc_column_container\"><div class=\"vc_column-inner\"><div class=\"wpb_wrapper\"><div class=\"w-separator size_small with_line width_50 thick_1 style_solid color_primary align_center with_text with_content\"><div class=\"w-separator-h\"><h3 class=\"w-separator-text\"><span>Nuestra empresa<\/span><\/h3><\/div><\/div><\/div><\/div><\/div><\/div><\/div><\/section><section class=\"l-section wpb_row height_medium with_img parallax_ver\"><div class=\"l-section-img\" data-img-width=\"1600\" data-img-height=\"1067\" style=\"background-image: url(https:\/\/atacamagrapes.cl\/wp-content\/uploads\/2019\/11\/background-nuestra-empresa.jpg);\"><\/div><div class=\"l-section-h i-cf\"><div class=\"g-cols vc_row via_flex valign_top type_default stacking_default\"><div class=\"vc_col-sm-12 wpb_column vc_column_container\"><div class=\"vc_column-inner\"><div class=\"wpb_wrapper\"><div class=\"w-separator size_custom\" style=\"height:300px\"><\/div><\/div><\/div><\/div><\/div><\/div><\/section><section class=\"l-section wpb_row height_large parallax_fixed\"><div class=\"l-section-h i-cf\"><div class=\"g-cols vc_row via_flex valign_top type_default stacking_default\"><div class=\"vc_col-sm-2 wpb_column vc_column_container\"><div class=\"vc_column-inner\"><div class=\"wpb_wrapper\"><\/div><\/div><\/div><div class=\"vc_col-sm-8 wpb_column vc_column_container\"><div class=\"vc_column-inner\"><div class=\"wpb_wrapper\"><div class=\"w-separator size_small\"><\/div><div class=\"w-image align_left us_animate_fade\" style=\"animation-delay:0.5s\"><div class=\"w-image-h\"><img loading=\"lazy\" decoding=\"async\" width=\"44\" height=\"50\" src=\"https:\/\/atacamagrapes.cl\/wp-content\/uploads\/2019\/11\/icon-nuestra-empresa-e1574800702632.png\" class=\"attachment-full size-full\" alt=\"\" \/><\/div><\/div><div class=\"w-separator size_small\"><\/div><div class=\"wpb_text_column\"><div class=\"wpb_wrapper\"><p class=\"p1\">Frut\u00edcola y Exportadora Atacama Limitada fue creada en el a\u00f1o 1983 con plantaciones de uva de mesa en el valle de Copiap\u00f3, III Regi\u00f3n de Atacama en el norte de Chile. Actualmente, contamos con 1.800 hect\u00e1reas en plantaciones de uva de mesa, C\u00edtricos y Paltos en sus zonas productivas de Copiap\u00f3 y Vicu\u00f1a en la III y IV Regi\u00f3n respectivamente. Somos miembros de los principales programas gen\u00e9ticos de nuevas variedades en el mundo lo que nos da una gran diversidad de variedades y tiempos de cosecha durante la temporada.<\/p>\n<\/div><\/div><div class=\"w-separator size_large\"><\/div><\/div><\/div><\/div><div class=\"vc_col-sm-2 wpb_column vc_column_container\"><div class=\"vc_column-inner\"><div class=\"wpb_wrapper\"><\/div><\/div><\/div><\/div><\/div><\/section><section class=\"l-section wpb_row height_medium color_secondary with_img\"><div class=\"l-section-img\" data-img-width=\"815\" data-img-height=\"400\" style=\"background-image: url(https:\/\/atacamagrapes.cl\/wp-content\/uploads\/2019\/12\/frutas-experiencia-y-compromiso.png);background-repeat: no-repeat;background-size: auto;\"><\/div><div class=\"l-section-h i-cf\"><div class=\"g-cols vc_row via_flex valign_top type_default stacking_default\"><div class=\"vc_col-sm-12 wpb_column vc_column_container\"><div class=\"vc_column-inner\"><div class=\"wpb_wrapper\"><div class=\"w-separator size_custom\" style=\"height:150px\"><\/div><div class=\"wpb_text_column sombra\"><div class=\"wpb_wrapper\"><h3 class=\"mas-grande\" style=\"text-align: center; font-weight: 400;\">Experiencia y compromiso<\/h3>\n<\/div><\/div><div class=\"w-separator size_custom\" style=\"height:150px\"><\/div><\/div><\/div><\/div><\/div><\/div><\/section><section class=\"l-section wpb_row us_custom_74703802 hero-row height_huge width_full parallax_ver\"><div class=\"l-section-h i-cf\"><div class=\"g-cols vc_row via_flex valign_top type_default stacking_default\"><div class=\"vc_col-sm-12 wpb_column vc_column_container\"><div class=\"vc_column-inner\"><div class=\"wpb_wrapper\"><div class=\"w-separator us_custom_ca17886c size_small with_line width_50 thick_1 style_solid color_primary align_center with_text with_content\"><div class=\"w-separator-h\"><h3 class=\"w-separator-text\"><span>Nuestro equipo<\/span><\/h3><\/div><\/div><div class=\"w-separator size_small\"><\/div><div class=\"g-cols wpb_row via_flex valign_top type_default stacking_default\"><div class=\"vc_col-sm-2 wpb_column vc_column_container\"><div class=\"vc_column-inner\"><div class=\"wpb_wrapper\"><\/div><\/div><\/div><div class=\"vc_col-sm-8 wpb_column vc_column_container\"><div class=\"vc_column-inner\"><div class=\"wpb_wrapper\"><div class=\"w-separator size_small\"><\/div><div class=\"w-image align_left us_animate_fade\" style=\"animation-delay:0.5s\"><div class=\"w-image-h\"><img loading=\"lazy\" decoding=\"async\" width=\"44\" height=\"50\" src=\"https:\/\/atacamagrapes.cl\/wp-content\/uploads\/2019\/11\/icon-nuestras-frutas-e1574800684943.png\" class=\"attachment-full size-full\" alt=\"\" \/><\/div><\/div><div class=\"w-separator size_small\"><\/div><div class=\"wpb_text_column\"><div class=\"wpb_wrapper\"><p class=\"p1\">Nuestra uva de mesa es producida en nuestras propias plantaciones las cuales son manipuladas por un equipo de profesionales din\u00e1micos quienes integran eficientemente la tecnolog\u00eda con el proceso comercial y de exportaci\u00f3n con el fin de abastecer los diferentes mercados del mundo. \u00a0Desde la producci\u00f3n hasta el proceso de comercializaci\u00f3n, las uvas son cuidadosamente monitoreadas por un grupo calificado de profesionales, quienes aseguran que s\u00f3lo la uva de mejor calidad sea exportada. El compromiso de nuestro equipo es proveer un selecto producto final que cumpla los m\u00e1s altos est\u00e1ndares de calidad. \u00a0Nuestro Departamento de Servicio al cliente est\u00e1 listo para responder los requerimientos de los clientes de manera proactiva. Le invitamos a trabajar con nosotros, visitar nuestras plantaciones e instalaciones en el Valle de Copiap\u00f3 y el Valle de Vicu\u00f1a, adem\u00e1s de nuestras oficinas en Santiago de Chile.<\/p>\n<\/div><\/div><\/div><\/div><\/div><div class=\"vc_col-sm-2 wpb_column vc_column_container\"><div class=\"vc_column-inner\"><div class=\"wpb_wrapper\"><\/div><\/div><\/div><\/div><\/div><\/div><\/div><\/div><\/div><\/section><section class=\"l-section wpb_row height_huge with_img\"><div class=\"l-section-img\" data-img-width=\"1600\" data-img-height=\"298\" style=\"background-image: url(https:\/\/atacamagrapes.cl\/wp-content\/uploads\/2019\/11\/parallax-nuestras-frutas.jpg);\"><\/div><div class=\"l-section-h i-cf\"><div class=\"g-cols vc_row via_flex valign_top type_default stacking_default\"><div class=\"vc_col-sm-12 wpb_column vc_column_container\"><div class=\"vc_column-inner\"><div class=\"wpb_wrapper\"><div class=\"w-separator size_small\"><\/div><\/div><\/div><\/div><\/div><\/div><\/section><section class=\"l-section wpb_row hero-row height_medium width_full color_custom parallax_ver\"><div class=\"l-section-h i-cf\"><div class=\"g-cols vc_row via_flex valign_top type_default stacking_default\"><div class=\"vc_col-sm-12 wpb_column vc_column_container\"><div class=\"vc_column-inner\"><div class=\"wpb_wrapper\"><div class=\"w-separator size_small\"><\/div><div class=\"w-separator size_small with_line width_50 thick_1 style_solid color_primary align_center with_text with_content\"><div class=\"w-separator-h\"><h3 class=\"w-separator-text\"><span>Energ\u00edas renovables<\/span><\/h3><\/div><\/div><div class=\"w-separator size_medium\"><\/div><div class=\"g-cols wpb_row via_flex valign_top type_default stacking_default\"><div class=\"vc_col-sm-12 wpb_column vc_column_container\"><div class=\"vc_column-inner\"><div class=\"wpb_wrapper\"><div class=\"wpb_text_column\"><div class=\"wpb_wrapper\"><h4 style=\"text-align: center; font-weight: 400;\">Planta fotovoltaica de autoconsumo m\u00e1s grande de Chile<\/h4>\n<\/div><\/div><\/div><\/div><\/div><\/div><div class=\"g-cols wpb_row via_flex valign_top type_default stacking_default\"><div class=\"vc_col-sm-2 wpb_column vc_column_container\"><div class=\"vc_column-inner\"><div class=\"wpb_wrapper\"><\/div><\/div><\/div><div class=\"vc_col-sm-4 wpb_column vc_column_container\"><div class=\"vc_column-inner\"><div class=\"wpb_wrapper\"><div class=\"w-separator size_small\"><\/div><div class=\"w-image align_left us_animate_fade\" style=\"animation-delay:0.5s\"><div class=\"w-image-h\"><img loading=\"lazy\" decoding=\"async\" width=\"44\" height=\"50\" src=\"https:\/\/atacamagrapes.cl\/wp-content\/uploads\/2019\/11\/icon-energia-renovable-e1574800714636.png\" class=\"attachment-full size-full\" alt=\"\" \/><\/div><\/div><div class=\"w-separator size_small\"><\/div><div class=\"wpb_text_column\"><div class=\"wpb_wrapper\"><h6>Compromiso con el Medio Ambiente<\/h6>\n<p>En la zona de Copiap\u00f3, contamos con una planta fotovoltaica de 3 MWh, la cual suministra energ\u00eda a nuestros consumos internos. De esta manera, aportamos al cuidado del medio ambiente mediante el uso de energ\u00edas renovables.<\/p>\n<\/div><\/div><\/div><\/div><\/div><div class=\"vc_col-sm-4 wpb_column vc_column_container\"><div class=\"vc_column-inner\"><div class=\"wpb_wrapper\"><div class=\"w-separator size_small\"><\/div><div class=\"w-slider style_none fit_scaledown\"><div class=\"w-slider-h\"><div class=\"royalSlider\"><div class=\"rsContent\"><a class=\"rsImg\" data-rsw=\"800\" data-rsh=\"533\" href=\"https:\/\/atacamagrapes.cl\/wp-content\/uploads\/2019\/12\/slider-01-energia-renovables.jpg\"><span data-alt=\"\"><\/span><\/a><\/div><div class=\"rsContent\"><a class=\"rsImg\" data-rsw=\"800\" data-rsh=\"533\" href=\"https:\/\/atacamagrapes.cl\/wp-content\/uploads\/2019\/12\/slider-02-energia-renovables.jpg\"><span data-alt=\"\"><\/span><\/a><\/div><\/div><img decoding=\"async\" src=\"https:\/\/atacamagrapes.cl\/wp-content\/uploads\/2019\/12\/slider-01-energia-renovables.jpg\" width=\"800\" height=\"533\" alt loading=\"lazy\"><\/div><div class=\"w-slider-json\" onclick='return {&quot;autoScaleSlider&quot;:true,&quot;loop&quot;:true,&quot;fadeInLoadedSlide&quot;:false,&quot;slidesSpacing&quot;:0,&quot;imageScalePadding&quot;:0,&quot;numImagesToPreload&quot;:2,&quot;arrowsNav&quot;:false,&quot;arrowsNavAutoHide&quot;:false,&quot;transitionType&quot;:&quot;move&quot;,&quot;transitionSpeed&quot;:250,&quot;block&quot;:{&quot;moveEffect&quot;:&quot;none&quot;,&quot;speed&quot;:300},&quot;thumbs&quot;:{&quot;fitInViewport&quot;:false},&quot;controlNavigation&quot;:&quot;bullets&quot;,&quot;autoplay&quot;:{&quot;enabled&quot;:true,&quot;pauseOnHover&quot;:true,&quot;delay&quot;:3000},&quot;imageScaleMode&quot;:&quot;fit-if-smaller&quot;,&quot;autoScaleSliderWidth&quot;:800,&quot;autoScaleSliderHeight&quot;:533}'><\/div><\/div><\/div><\/div><\/div><div class=\"vc_col-sm-2 wpb_column vc_column_container\"><div class=\"vc_column-inner\"><div class=\"wpb_wrapper\"><\/div><\/div><\/div><\/div><\/div><\/div><\/div><\/div><\/div><\/section><section class=\"l-section wpb_row us_custom_9537e173 height_medium width_full with_img\"><div class=\"l-section-img\" data-img-width=\"1600\" data-img-height=\"403\" style=\"background-image: url(https:\/\/atacamagrapes.cl\/wp-content\/uploads\/2019\/11\/background-zonas-produccion-bajo.jpg);background-position: bottom center;background-repeat: no-repeat;\"><\/div><div class=\"l-section-h i-cf\"><div class=\"g-cols vc_row via_flex valign_top type_default stacking_default\"><div class=\"vc_col-sm-12 wpb_column vc_column_container\"><div class=\"vc_column-inner us_custom_502c55d2\"><div class=\"wpb_wrapper\"><div class=\"w-separator size_custom\" style=\"height:300px\"><\/div><\/div><\/div><\/div><\/div><\/div><\/section>\n","protected":false},"excerpt":{"rendered":"Fruta fresca de excelencia, desde Atacama al resto del mundo Nuestra empresaFrut\u00edcola y Exportadora Atacama Limitada fue creada en el a\u00f1o 1983 con plantaciones de uva de mesa en el valle de Copiap\u00f3, III Regi\u00f3n de Atacama en el norte de Chile. Actualmente, contamos con 1.800 hect\u00e1reas en plantaciones de uva de mesa, C\u00edtricos y...","protected":false},"author":7,"featured_media":0,"parent":0,"menu_order":0,"comment_status":"closed","ping_status":"closed","template":"","meta":{"_acf_changed":false,"footnotes":""},"class_list":["post-6635","page","type-page","status-publish","hentry"],"acf":[],"yoast_head":"<!-- This site is optimized with the Yoast SEO plugin v25.6 - https:\/\/yoast.com\/wordpress\/plugins\/seo\/ -->\n<title>Frut\u00edcola y Exportadora Atacama<\/title>\n<meta name=\"description\" content=\"Frut\u00edcola y Exportadora Atacama LTDA exporta Uva de mesa, C\u00edtricos y Paltas de Chile al resto del mundo.\" \/>\n<meta name=\"robots\" content=\"index, follow, max-snippet:-1, max-image-preview:large, max-video-preview:-1\" \/>\n<link rel=\"canonical\" href=\"https:\/\/atacamagrapes.cl\/es\/\" \/>\n<meta property=\"og:locale\" content=\"es_ES\" \/>\n<meta property=\"og:type\" content=\"article\" \/>\n<meta property=\"og:title\" content=\"Frut\u00edcola y Exportadora Atacama\" \/>\n<meta property=\"og:description\" content=\"Frut\u00edcola y Exportadora Atacama LTDA exporta Uva de mesa, C\u00edtricos y Paltas de Chile al resto del mundo.\" \/>\n<meta property=\"og:url\" content=\"https:\/\/atacamagrapes.cl\/es\/\" \/>\n<meta property=\"og:site_name\" content=\"Atacama\" \/>\n<meta property=\"article:modified_time\" content=\"2020-01-10T17:27:59+00:00\" \/>\n<meta name=\"twitter:card\" content=\"summary_large_image\" \/>\n<meta name=\"twitter:label1\" content=\"Tiempo de lectura\" \/>\n\t<meta name=\"twitter:data1\" content=\"6 minutos\" \/>\n<script type=\"application\/ld+json\" class=\"yoast-schema-graph\">{\"@context\":\"https:\/\/schema.org\",\"@graph\":[{\"@type\":\"WebPage\",\"@id\":\"https:\/\/atacamagrapes.cl\/es\/\",\"url\":\"https:\/\/atacamagrapes.cl\/es\/\",\"name\":\"Frut\u00edcola y Exportadora Atacama\",\"isPartOf\":{\"@id\":\"https:\/\/atacamagrapes.cl\/es\/#website\"},\"datePublished\":\"2019-05-10T14:40:15+00:00\",\"dateModified\":\"2020-01-10T17:27:59+00:00\",\"description\":\"Frut\u00edcola y Exportadora Atacama LTDA exporta Uva de mesa, C\u00edtricos y Paltas de Chile al resto del mundo.\",\"breadcrumb\":{\"@id\":\"https:\/\/atacamagrapes.cl\/es\/#breadcrumb\"},\"inLanguage\":\"es\",\"potentialAction\":[{\"@type\":\"ReadAction\",\"target\":[\"https:\/\/atacamagrapes.cl\/es\/\"]}]},{\"@type\":\"BreadcrumbList\",\"@id\":\"https:\/\/atacamagrapes.cl\/es\/#breadcrumb\",\"itemListElement\":[{\"@type\":\"ListItem\",\"position\":1,\"name\":\"Home\",\"item\":\"https:\/\/atacamagrapes.cl\/es\/\"},{\"@type\":\"ListItem\",\"position\":2,\"name\":\"Inicio\"}]},{\"@type\":\"WebSite\",\"@id\":\"https:\/\/atacamagrapes.cl\/es\/#website\",\"url\":\"https:\/\/atacamagrapes.cl\/es\/\",\"name\":\"Atacama\",\"description\":\"Atacama\",\"publisher\":{\"@id\":\"https:\/\/atacamagrapes.cl\/es\/#organization\"},\"potentialAction\":[{\"@type\":\"SearchAction\",\"target\":{\"@type\":\"EntryPoint\",\"urlTemplate\":\"https:\/\/atacamagrapes.cl\/es\/?s={search_term_string}\"},\"query-input\":{\"@type\":\"PropertyValueSpecification\",\"valueRequired\":true,\"valueName\":\"search_term_string\"}}],\"inLanguage\":\"es\"},{\"@type\":\"Organization\",\"@id\":\"https:\/\/atacamagrapes.cl\/es\/#organization\",\"name\":\"Atacama Grapes\",\"url\":\"https:\/\/atacamagrapes.cl\/es\/\",\"logo\":{\"@type\":\"ImageObject\",\"inLanguage\":\"es\",\"@id\":\"https:\/\/atacamagrapes.cl\/es\/#\/schema\/logo\/image\/\",\"url\":\"https:\/\/atacamagrapes.cl\/wp-content\/uploads\/2019\/12\/logo-atacama-grapes-header.png\",\"contentUrl\":\"https:\/\/atacamagrapes.cl\/wp-content\/uploads\/2019\/12\/logo-atacama-grapes-header.png\",\"width\":283,\"height\":104,\"caption\":\"Atacama Grapes\"},\"image\":{\"@id\":\"https:\/\/atacamagrapes.cl\/es\/#\/schema\/logo\/image\/\"}}]}<\/script>\n<!-- \/ Yoast SEO plugin. -->","yoast_head_json":{"title":"Frut\u00edcola y Exportadora Atacama","description":"Frut\u00edcola y Exportadora Atacama LTDA exporta Uva de mesa, C\u00edtricos y Paltas de Chile al resto del mundo.","robots":{"index":"index","follow":"follow","max-snippet":"max-snippet:-1","max-image-preview":"max-image-preview:large","max-video-preview":"max-video-preview:-1"},"canonical":"https:\/\/atacamagrapes.cl\/es\/","og_locale":"es_ES","og_type":"article","og_title":"Frut\u00edcola y Exportadora Atacama","og_description":"Frut\u00edcola y Exportadora Atacama LTDA exporta Uva de mesa, C\u00edtricos y Paltas de Chile al resto del mundo.","og_url":"https:\/\/atacamagrapes.cl\/es\/","og_site_name":"Atacama","article_modified_time":"2020-01-10T17:27:59+00:00","twitter_card":"summary_large_image","twitter_misc":{"Tiempo de lectura":"6 minutos"},"schema":{"@context":"https:\/\/schema.org","@graph":[{"@type":"WebPage","@id":"https:\/\/atacamagrapes.cl\/es\/","url":"https:\/\/atacamagrapes.cl\/es\/","name":"Frut\u00edcola y Exportadora Atacama","isPartOf":{"@id":"https:\/\/atacamagrapes.cl\/es\/#website"},"datePublished":"2019-05-10T14:40:15+00:00","dateModified":"2020-01-10T17:27:59+00:00","description":"Frut\u00edcola y Exportadora Atacama LTDA exporta Uva de mesa, C\u00edtricos y Paltas de Chile al resto del mundo.","breadcrumb":{"@id":"https:\/\/atacamagrapes.cl\/es\/#breadcrumb"},"inLanguage":"es","potentialAction":[{"@type":"ReadAction","target":["https:\/\/atacamagrapes.cl\/es\/"]}]},{"@type":"BreadcrumbList","@id":"https:\/\/atacamagrapes.cl\/es\/#breadcrumb","itemListElement":[{"@type":"ListItem","position":1,"name":"Home","item":"https:\/\/atacamagrapes.cl\/es\/"},{"@type":"ListItem","position":2,"name":"Inicio"}]},{"@type":"WebSite","@id":"https:\/\/atacamagrapes.cl\/es\/#website","url":"https:\/\/atacamagrapes.cl\/es\/","name":"Atacama","description":"Atacama","publisher":{"@id":"https:\/\/atacamagrapes.cl\/es\/#organization"},"potentialAction":[{"@type":"SearchAction","target":{"@type":"EntryPoint","urlTemplate":"https:\/\/atacamagrapes.cl\/es\/?s={search_term_string}"},"query-input":{"@type":"PropertyValueSpecification","valueRequired":true,"valueName":"search_term_string"}}],"inLanguage":"es"},{"@type":"Organization","@id":"https:\/\/atacamagrapes.cl\/es\/#organization","name":"Atacama Grapes","url":"https:\/\/atacamagrapes.cl\/es\/","logo":{"@type":"ImageObject","inLanguage":"es","@id":"https:\/\/atacamagrapes.cl\/es\/#\/schema\/logo\/image\/","url":"https:\/\/atacamagrapes.cl\/wp-content\/uploads\/2019\/12\/logo-atacama-grapes-header.png","contentUrl":"https:\/\/atacamagrapes.cl\/wp-content\/uploads\/2019\/12\/logo-atacama-grapes-header.png","width":283,"height":104,"caption":"Atacama Grapes"},"image":{"@id":"https:\/\/atacamagrapes.cl\/es\/#\/schema\/logo\/image\/"}}]}},"_links":{"self":[{"href":"https:\/\/atacamagrapes.cl\/es\/wp-json\/wp\/v2\/pages\/6635","targetHints":{"allow":["GET"]}}],"collection":[{"href":"https:\/\/atacamagrapes.cl\/es\/wp-json\/wp\/v2\/pages"}],"about":[{"href":"https:\/\/atacamagrapes.cl\/es\/wp-json\/wp\/v2\/types\/page"}],"author":[{"embeddable":true,"href":"https:\/\/atacamagrapes.cl\/es\/wp-json\/wp\/v2\/users\/7"}],"replies":[{"embeddable":true,"href":"https:\/\/atacamagrapes.cl\/es\/wp-json\/wp\/v2\/comments?post=6635"}],"version-history":[{"count":279,"href":"https:\/\/atacamagrapes.cl\/es\/wp-json\/wp\/v2\/pages\/6635\/revisions"}],"predecessor-version":[{"id":8400,"href":"https:\/\/atacamagrapes.cl\/es\/wp-json\/wp\/v2\/pages\/6635\/revisions\/8400"}],"wp:attachment":[{"href":"https:\/\/atacamagrapes.cl\/es\/wp-json\/wp\/v2\/media?parent=6635"}],"curies":[{"name":"wp","href":"https:\/\/api.w.org\/{rel}","templated":true}]}}